{"id":276,"date":"2021-12-27T09:43:08","date_gmt":"2021-12-27T09:43:08","guid":{"rendered":"http:\/\/rozieres.net\/?page_id=276"},"modified":"2024-12-23T06:22:10","modified_gmt":"2024-12-23T06:22:10","slug":"fishing-adventure","status":"publish","type":"page","link":"https:\/\/lenaiades.fr\/?page_id=276","title":{"rendered":"Fishing Adventure"},"content":{"rendered":"\n<p>We have decided to set up small fishing adventures within Allier, from fishing for small fish in the Couleuvre commune lake to the larger lakes and river in the area for experienced or novice to beginners.<\/p>\n\n\n\n<p>There is all sorts of types of fishing, ranging from Fly fishing to Carp fishing, two very different ways to fishing. <\/p>\n\n\n\n<h2 class=\"wp-block-heading\">Beginners<\/h2>\n\n\n\n<p>This is to give people a chance to try fishing, for adults or children for the first time, imagine sitting on a small lake and being able to catch a fish for the first time with out any worries.<\/p>\n\n\n    <div class=\"hostinger-affiliate-block-single-type\">\n                    <div class=\"hostinger-affiliate-block-single-type__image\">\n                <a href=\"https:\/\/www.amazon.fr\/dp\/B09DGT8CQK?tag=galeoumbrel07-21\" target=\"_blank\" rel=\"nofollow noopener noreferrer\">\n                    <img decoding=\"async\" src=\"https:\/\/m.media-amazon.com\/images\/I\/41+mj7uEM-L.jpg\" alt=\"Abu Garcia Cardinal X Moulinet Spinning, Moulinet de p\u00eache \u00e0 Bobi...\">\n                <\/a>\n            <\/div>\n                    <div class=\"hostinger-affiliate-block-single-type__product-data\">\n            <div class=\"hostinger-affiliate-block-single-type__product-title\">\n                <a href=\"https:\/\/www.amazon.fr\/dp\/B09DGT8CQK?tag=galeoumbrel07-21\" target=\"_blank\" rel=\"nofollow noopener noreferrer\">\n                    <h3>\n                        Abu Garcia Cardinal X Moulinet Spinning, Moulinet de p\u00eache \u00e0 Bobi&#8230;                    <\/h3>\n                <\/a>\n            <\/div>\n                            <div class=\"hostinger-affiliate-block-single-type__product-description\">\n                            <ul>\n                                <li>Design Abu Garcia solide et l\u00e9ger &#8211; Le corps et le rotor du moulinet sont fabriqu\u00e9s dans un mat\u00e9riau graphite solide et &#8230;<\/li>\n                                        <li>Rotation tr\u00e8s douce &#8211; 3+1 roulements \u00e0 billes en acier inoxydable de haute qualit\u00e9 font tourner le moulinet avec une tr\u00e8&#8230;<\/li>\n                                        <li>Drague de combat haute performance &#8211; Ce moulinet est \u00e9quip\u00e9 d&#8217;un syst\u00e8me de frein avant \u00e0 rondelle de feutre de qualit\u00e9,&#8230;<\/li>\n                            <\/ul>\n                        <\/div>\n                            <div class=\"hostinger-affiliate-block-single-type__product-actions\">\n                                    <div class=\"hostinger-affiliate-block-single-type__product-price\">\n                        22,60\u20ac                    <\/div>\n                                    <div class=\"hostinger-affiliate-block-single-type__product-button-wrap\">\n                    <a href=\"https:\/\/www.amazon.fr\/dp\/B09DGT8CQK?tag=galeoumbrel07-21\" class=\"hostinger-affiliate-block-single-type__product-amazon-button\" target=\"_blank\" rel=\"nofollow noopener noreferrer\">\n    <svg xmlns=\"http:\/\/www.w3.org\/2000\/svg\" width=\"20\" height=\"20\" viewBox=\"0 0 20 20\" fill=\"none\">\n        <g clip-path=\"url(#clip0_2104_11808)\">\n            <path d=\"M17.2188 16.147C9.12286 20 4.09841 16.7763 0.882107 14.8183C0.683083 14.6949 0.344812 14.8472 0.638308 15.1843C1.70982 16.4835 5.22139 19.615 9.80502 19.615C14.3918 19.615 17.1205 17.1123 17.4619 16.6757C17.8009 16.2428 17.5614 16.004 17.2187 16.147H17.2188ZM19.4926 14.8913C19.2751 14.6082 18.1706 14.5554 17.4754 14.6408C16.7792 14.7238 15.7341 15.1493 15.825 15.4048C15.8716 15.5005 15.9668 15.4575 16.445 15.4145C16.9246 15.3667 18.2682 15.1971 18.5481 15.5631C18.8294 15.9316 18.1196 17.687 17.99 17.9701C17.8647 18.2533 18.0378 18.3263 18.2731 18.1377C18.5051 17.9492 18.9252 17.4611 19.2071 16.7703C19.487 16.0758 19.6578 15.1069 19.4926 14.8913Z\" fill=\"#FF9900\"\/>\n            <path fill-rule=\"evenodd\" clip-rule=\"evenodd\" d=\"M11.7752 8.28499C11.7752 9.29595 11.8007 10.1391 11.2898 11.0369C10.8773 11.7669 10.224 12.2158 9.49408 12.2158C8.49766 12.2158 7.91736 11.4566 7.91736 10.3362C7.91736 8.12435 9.89913 7.72292 11.7752 7.72292V8.28499ZM14.3921 14.61C14.2205 14.7633 13.9723 14.7743 13.7789 14.6721C12.9176 13.9567 12.7642 13.6246 12.2898 12.9421C10.8664 14.3947 9.85905 14.829 8.01229 14.829C5.82972 14.829 4.12891 13.4822 4.12891 10.7851C4.12891 8.67919 5.27135 7.24479 6.89539 6.54409C8.30425 5.92355 10.2715 5.81408 11.7752 5.6426V5.30679C11.7752 4.68994 11.8226 3.96001 11.4613 3.42718C11.1437 2.94904 10.5379 2.75194 10.005 2.75194C9.01595 2.75194 8.13269 3.25923 7.91736 4.31036C7.87351 4.544 7.70202 4.77395 7.46846 4.78488L4.95008 4.51485C4.73844 4.4673 4.50487 4.29582 4.56327 3.97094C5.14357 0.919802 7.89905 0 10.3663 0C11.6291 0 13.2788 0.335809 14.2752 1.29208C15.538 2.47091 15.4176 4.04394 15.4176 5.75569V9.79963C15.4176 11.015 15.9212 11.5478 16.3957 12.2048C16.5635 12.4384 16.6001 12.7195 16.3884 12.8946C15.8591 13.3362 14.9175 14.1575 14.3993 14.6174L14.392 14.61\" fill=\"black\"\/>\n            <path d=\"M17.2188 16.147C9.12286 20 4.09841 16.7763 0.882107 14.8183C0.683083 14.6949 0.344812 14.8472 0.638308 15.1843C1.70982 16.4835 5.22139 19.615 9.80502 19.615C14.3918 19.615 17.1205 17.1123 17.4619 16.6757C17.8009 16.2428 17.5614 16.004 17.2187 16.147H17.2188ZM19.4926 14.8913C19.2751 14.6082 18.1706 14.5554 17.4754 14.6408C16.7792 14.7238 15.7341 15.1493 15.825 15.4048C15.8716 15.5005 15.9668 15.4575 16.445 15.4145C16.9246 15.3667 18.2682 15.1971 18.5481 15.5631C18.8294 15.9316 18.1196 17.687 17.99 17.9701C17.8647 18.2533 18.0378 18.3263 18.2731 18.1377C18.5051 17.9492 18.9252 17.4611 19.2071 16.7703C19.487 16.0758 19.6578 15.1069 19.4926 14.8913Z\" fill=\"#FF9900\"\/>\n            <path fill-rule=\"evenodd\" clip-rule=\"evenodd\" d=\"M11.7752 8.28499C11.7752 9.29595 11.8007 10.1391 11.2898 11.0369C10.8773 11.7669 10.224 12.2158 9.49408 12.2158C8.49766 12.2158 7.91736 11.4566 7.91736 10.3362C7.91736 8.12435 9.89913 7.72292 11.7752 7.72292V8.28499ZM14.3921 14.61C14.2205 14.7633 13.9723 14.7743 13.7789 14.6721C12.9176 13.9567 12.7642 13.6246 12.2898 12.9421C10.8664 14.3947 9.85905 14.829 8.01229 14.829C5.82972 14.829 4.12891 13.4822 4.12891 10.7851C4.12891 8.67919 5.27135 7.24479 6.89539 6.54409C8.30425 5.92355 10.2715 5.81408 11.7752 5.6426V5.30679C11.7752 4.68994 11.8226 3.96001 11.4613 3.42718C11.1437 2.94904 10.5379 2.75194 10.005 2.75194C9.01595 2.75194 8.13269 3.25923 7.91736 4.31036C7.87351 4.544 7.70202 4.77395 7.46846 4.78488L4.95008 4.51485C4.73844 4.4673 4.50487 4.29582 4.56327 3.97094C5.14357 0.919802 7.89905 0 10.3663 0C11.6291 0 13.2788 0.335809 14.2752 1.29208C15.538 2.47091 15.4176 4.04394 15.4176 5.75569V9.79963C15.4176 11.015 15.9212 11.5478 16.3957 12.2048C16.5635 12.4384 16.6001 12.7195 16.3884 12.8946C15.8591 13.3362 14.9175 14.1575 14.3993 14.6174L14.392 14.61\" fill=\"black\"\/>\n        <\/g>\n        <defs>\n            <clipPath id=\"clip0_2104_11808\">\n                <rect width=\"20\" height=\"20\" fill=\"white\"\/>\n            <\/clipPath>\n        <\/defs>\n    <\/svg>\n\n    Buy on Amazon<\/a>\n                <\/div>\n\n            <\/div>\n        <\/div>\n    <\/div>\n    \n\n\n<div class=\"wp-block-columns is-layout-flex wp-container-core-columns-is-layout-9d6595d7 wp-block-columns-is-layout-flex\">\n<div class=\"wp-block-column is-layout-flow wp-block-column-is-layout-flow\" style=\"flex-basis:100%\">    <div class=\"hostinger-affiliate-block-single-type\">\n                    <div class=\"hostinger-affiliate-block-single-type__image\">\n                <a href=\"https:\/\/www.amazon.fr\/dp\/B004O6LQ3Q?tag=galeoumbrel07-21\" target=\"_blank\" rel=\"nofollow noopener noreferrer\">\n                    <img decoding=\"async\" src=\"https:\/\/m.media-amazon.com\/images\/I\/41xYhfeOiVL.jpg\" alt=\"Abu Garcia GT602 Canne \u00e0 p\u00eache Noir 13,6 kg 1,8 m\">\n                <\/a>\n            <\/div>\n                    <div class=\"hostinger-affiliate-block-single-type__product-data\">\n            <div class=\"hostinger-affiliate-block-single-type__product-title\">\n                <a href=\"https:\/\/www.amazon.fr\/dp\/B004O6LQ3Q?tag=galeoumbrel07-21\" target=\"_blank\" rel=\"nofollow noopener noreferrer\">\n                    <h3>\n                        Abu Garcia GT602 Canne \u00e0 p\u00eache Noir 13,6 kg 1,8 m                    <\/h3>\n                <\/a>\n            <\/div>\n                            <div class=\"hostinger-affiliate-block-single-type__product-description\">\n                            <ul>\n                                <li>\u2705 GARANTIE TOTALE : ce produit est garanti 2 ou 3 ans selon des instructions du fabricant.<\/li>\n                                        <li>\u2705 EXPEDITION SECURISEE : l&#8217;exp\u00e9dition du produit est remise uniquement \u00e0 des transporteurs de haute fiabilit\u00e9 et les col&#8230;<\/li>\n                                        <li>\u2705 GRANDE MARQUE : ce produit fait partie d&#8217;une marque de haute qualit\u00e9.<\/li>\n                            <\/ul>\n                        <\/div>\n                            <div class=\"hostinger-affiliate-block-single-type__product-actions\">\n                                    <div class=\"hostinger-affiliate-block-single-type__product-price\">\n                        42,99\u20ac                    <\/div>\n                                    <div class=\"hostinger-affiliate-block-single-type__product-button-wrap\">\n                    <a href=\"https:\/\/www.amazon.fr\/dp\/B004O6LQ3Q?tag=galeoumbrel07-21\" class=\"hostinger-affiliate-block-single-type__product-amazon-button\" target=\"_blank\" rel=\"nofollow noopener noreferrer\">\n    <svg xmlns=\"http:\/\/www.w3.org\/2000\/svg\" width=\"20\" height=\"20\" viewBox=\"0 0 20 20\" fill=\"none\">\n        <g clip-path=\"url(#clip0_2104_11808)\">\n            <path d=\"M17.2188 16.147C9.12286 20 4.09841 16.7763 0.882107 14.8183C0.683083 14.6949 0.344812 14.8472 0.638308 15.1843C1.70982 16.4835 5.22139 19.615 9.80502 19.615C14.3918 19.615 17.1205 17.1123 17.4619 16.6757C17.8009 16.2428 17.5614 16.004 17.2187 16.147H17.2188ZM19.4926 14.8913C19.2751 14.6082 18.1706 14.5554 17.4754 14.6408C16.7792 14.7238 15.7341 15.1493 15.825 15.4048C15.8716 15.5005 15.9668 15.4575 16.445 15.4145C16.9246 15.3667 18.2682 15.1971 18.5481 15.5631C18.8294 15.9316 18.1196 17.687 17.99 17.9701C17.8647 18.2533 18.0378 18.3263 18.2731 18.1377C18.5051 17.9492 18.9252 17.4611 19.2071 16.7703C19.487 16.0758 19.6578 15.1069 19.4926 14.8913Z\" fill=\"#FF9900\"\/>\n            <path fill-rule=\"evenodd\" clip-rule=\"evenodd\" d=\"M11.7752 8.28499C11.7752 9.29595 11.8007 10.1391 11.2898 11.0369C10.8773 11.7669 10.224 12.2158 9.49408 12.2158C8.49766 12.2158 7.91736 11.4566 7.91736 10.3362C7.91736 8.12435 9.89913 7.72292 11.7752 7.72292V8.28499ZM14.3921 14.61C14.2205 14.7633 13.9723 14.7743 13.7789 14.6721C12.9176 13.9567 12.7642 13.6246 12.2898 12.9421C10.8664 14.3947 9.85905 14.829 8.01229 14.829C5.82972 14.829 4.12891 13.4822 4.12891 10.7851C4.12891 8.67919 5.27135 7.24479 6.89539 6.54409C8.30425 5.92355 10.2715 5.81408 11.7752 5.6426V5.30679C11.7752 4.68994 11.8226 3.96001 11.4613 3.42718C11.1437 2.94904 10.5379 2.75194 10.005 2.75194C9.01595 2.75194 8.13269 3.25923 7.91736 4.31036C7.87351 4.544 7.70202 4.77395 7.46846 4.78488L4.95008 4.51485C4.73844 4.4673 4.50487 4.29582 4.56327 3.97094C5.14357 0.919802 7.89905 0 10.3663 0C11.6291 0 13.2788 0.335809 14.2752 1.29208C15.538 2.47091 15.4176 4.04394 15.4176 5.75569V9.79963C15.4176 11.015 15.9212 11.5478 16.3957 12.2048C16.5635 12.4384 16.6001 12.7195 16.3884 12.8946C15.8591 13.3362 14.9175 14.1575 14.3993 14.6174L14.392 14.61\" fill=\"black\"\/>\n            <path d=\"M17.2188 16.147C9.12286 20 4.09841 16.7763 0.882107 14.8183C0.683083 14.6949 0.344812 14.8472 0.638308 15.1843C1.70982 16.4835 5.22139 19.615 9.80502 19.615C14.3918 19.615 17.1205 17.1123 17.4619 16.6757C17.8009 16.2428 17.5614 16.004 17.2187 16.147H17.2188ZM19.4926 14.8913C19.2751 14.6082 18.1706 14.5554 17.4754 14.6408C16.7792 14.7238 15.7341 15.1493 15.825 15.4048C15.8716 15.5005 15.9668 15.4575 16.445 15.4145C16.9246 15.3667 18.2682 15.1971 18.5481 15.5631C18.8294 15.9316 18.1196 17.687 17.99 17.9701C17.8647 18.2533 18.0378 18.3263 18.2731 18.1377C18.5051 17.9492 18.9252 17.4611 19.2071 16.7703C19.487 16.0758 19.6578 15.1069 19.4926 14.8913Z\" fill=\"#FF9900\"\/>\n            <path fill-rule=\"evenodd\" clip-rule=\"evenodd\" d=\"M11.7752 8.28499C11.7752 9.29595 11.8007 10.1391 11.2898 11.0369C10.8773 11.7669 10.224 12.2158 9.49408 12.2158C8.49766 12.2158 7.91736 11.4566 7.91736 10.3362C7.91736 8.12435 9.89913 7.72292 11.7752 7.72292V8.28499ZM14.3921 14.61C14.2205 14.7633 13.9723 14.7743 13.7789 14.6721C12.9176 13.9567 12.7642 13.6246 12.2898 12.9421C10.8664 14.3947 9.85905 14.829 8.01229 14.829C5.82972 14.829 4.12891 13.4822 4.12891 10.7851C4.12891 8.67919 5.27135 7.24479 6.89539 6.54409C8.30425 5.92355 10.2715 5.81408 11.7752 5.6426V5.30679C11.7752 4.68994 11.8226 3.96001 11.4613 3.42718C11.1437 2.94904 10.5379 2.75194 10.005 2.75194C9.01595 2.75194 8.13269 3.25923 7.91736 4.31036C7.87351 4.544 7.70202 4.77395 7.46846 4.78488L4.95008 4.51485C4.73844 4.4673 4.50487 4.29582 4.56327 3.97094C5.14357 0.919802 7.89905 0 10.3663 0C11.6291 0 13.2788 0.335809 14.2752 1.29208C15.538 2.47091 15.4176 4.04394 15.4176 5.75569V9.79963C15.4176 11.015 15.9212 11.5478 16.3957 12.2048C16.5635 12.4384 16.6001 12.7195 16.3884 12.8946C15.8591 13.3362 14.9175 14.1575 14.3993 14.6174L14.392 14.61\" fill=\"black\"\/>\n        <\/g>\n        <defs>\n            <clipPath id=\"clip0_2104_11808\">\n                <rect width=\"20\" height=\"20\" fill=\"white\"\/>\n            <\/clipPath>\n        <\/defs>\n    <\/svg>\n\n    Buy on Amazon<\/a>\n                <\/div>\n\n            <\/div>\n        <\/div>\n    <\/div>\n    <\/div>\n<\/div>\n\n\n\n<h2 class=\"wp-block-heading\">Novice<\/h2>\n\n\n\n<p>This would be for someone who has fished before, who either wants to try different ways to fish in their particular fishing discipline, maybe using a float on a river instead of on a lake or target a specious of fish using a different type of float that you have never caught before. <\/p>\n\n\n\n<p>You might want to try using a quiver tip on a lake, and would like to give it a go, before spending any money on equipment so you could to see if you like it.<\/p>\n\n\n\n<p>We are very lucky living here in Allier France as its gives you the opportunity to either try or be guided to places on rivers or lakes to fish which ever discipline you desire.<\/p>\n\n\n\n\n\n\n<h2 class=\"wp-block-heading\">Experienced<\/h2>\n\n\n\n<p>This would be for a fisher person who has got all the equipment and would like to challenge them self in a different lakes and locations for their target fish.<\/p>\n\n\n\n<p>For example say you have always fished lakes for carp, and you would like to try you hand at catching a wild river carp instead there are many places here that you could try, imagine having the bragging writes when you get home off a French river carp instead of one from a stocked French lake.<\/p>\n\n\n\n<p>We can customise your fishing needs to your requirements, arrange any licenses you will need so that you can fish with out any worries, show you places we have personal fished with success, guide you through what baits and setup we used to catch our fish or give it a go your self it&#8217;s called fishing for a reason.<\/p>\n\n\n\n<h2 class=\"wp-block-heading\">Advanced<\/h2>\n\n\n\n<p>This would be for someone who is very experienced in all fishing techniques and wishes to find different challenges for them to conquer, this would be to fill a dream<\/p>\n\n\n\n\n\n\n<p><\/p>\n","protected":false},"excerpt":{"rendered":"<p>We have decided to set up small fishing adventures within Allier, from fishing for small fish in the Couleuvre commune lake to the larger lakes and river in the area for experienced or novice to beginners. There is all sorts of types of fishing, ranging from Fly fishing to Carp fishing, two very different ways&hellip; <br \/> <a class=\"button small blue\" href=\"https:\/\/lenaiades.fr\/?page_id=276\">Read more<\/a><\/p>\n","protected":false},"author":1,"featured_media":0,"parent":0,"menu_order":0,"comment_status":"closed","ping_status":"closed","template":"","meta":{"footnotes":""},"class_list":["post-276","page","type-page","status-publish","hentry"],"yoast_head":"<!-- This site is optimized with the Yoast SEO plugin v25.8 - https:\/\/yoast.com\/wordpress\/plugins\/seo\/ -->\n<title>Fishing Adventure - Le Naiades<\/title>\n<meta name=\"robots\" content=\"index, follow, max-snippet:-1, max-image-preview:large, max-video-preview:-1\" \/>\n<link rel=\"canonical\" href=\"https:\/\/lenaiades.fr\/?page_id=276\" \/>\n<meta property=\"og:locale\" content=\"en_GB\" \/>\n<meta property=\"og:type\" content=\"article\" \/>\n<meta property=\"og:title\" content=\"Fishing Adventure - Le Naiades\" \/>\n<meta property=\"og:description\" content=\"We have decided to set up small fishing adventures within Allier, from fishing for small fish in the Couleuvre commune lake to the larger lakes and river in the area for experienced or novice to beginners. There is all sorts of types of fishing, ranging from Fly fishing to Carp fishing, two very different ways&hellip; Read more\" \/>\n<meta property=\"og:url\" content=\"https:\/\/lenaiades.fr\/?page_id=276\" \/>\n<meta property=\"og:site_name\" content=\"Le Naiades\" \/>\n<meta property=\"article:modified_time\" content=\"2024-12-23T06:22:10+00:00\" \/>\n<meta name=\"twitter:card\" content=\"summary_large_image\" \/>\n<meta name=\"twitter:label1\" content=\"Estimated reading time\" \/>\n\t<meta name=\"twitter:data1\" content=\"2 minutes\" \/>\n<script type=\"application\/ld+json\" class=\"yoast-schema-graph\">{\"@context\":\"https:\/\/schema.org\",\"@graph\":[{\"@type\":\"WebPage\",\"@id\":\"https:\/\/lenaiades.fr\/?page_id=276\",\"url\":\"https:\/\/lenaiades.fr\/?page_id=276\",\"name\":\"Fishing Adventure - Le Naiades\",\"isPartOf\":{\"@id\":\"https:\/\/lenaiades.fr\/#website\"},\"datePublished\":\"2021-12-27T09:43:08+00:00\",\"dateModified\":\"2024-12-23T06:22:10+00:00\",\"breadcrumb\":{\"@id\":\"https:\/\/lenaiades.fr\/?page_id=276#breadcrumb\"},\"inLanguage\":\"en-GB\",\"potentialAction\":[{\"@type\":\"ReadAction\",\"target\":[\"https:\/\/lenaiades.fr\/?page_id=276\"]}]},{\"@type\":\"BreadcrumbList\",\"@id\":\"https:\/\/lenaiades.fr\/?page_id=276#breadcrumb\",\"itemListElement\":[{\"@type\":\"ListItem\",\"position\":1,\"name\":\"Home\",\"item\":\"https:\/\/lenaiades.fr\/\"},{\"@type\":\"ListItem\",\"position\":2,\"name\":\"Fishing Adventure\"}]},{\"@type\":\"WebSite\",\"@id\":\"https:\/\/lenaiades.fr\/#website\",\"url\":\"https:\/\/lenaiades.fr\/\",\"name\":\"Le Naiades\",\"description\":\"Naiades Gite Rental in Sancoins Cher France\",\"publisher\":{\"@id\":\"https:\/\/lenaiades.fr\/#organization\"},\"potentialAction\":[{\"@type\":\"SearchAction\",\"target\":{\"@type\":\"EntryPoint\",\"urlTemplate\":\"https:\/\/lenaiades.fr\/?s={search_term_string}\"},\"query-input\":{\"@type\":\"PropertyValueSpecification\",\"valueRequired\":true,\"valueName\":\"search_term_string\"}}],\"inLanguage\":\"en-GB\"},{\"@type\":\"Organization\",\"@id\":\"https:\/\/lenaiades.fr\/#organization\",\"name\":\"Le Naiades\",\"url\":\"https:\/\/lenaiades.fr\/\",\"logo\":{\"@type\":\"ImageObject\",\"inLanguage\":\"en-GB\",\"@id\":\"https:\/\/lenaiades.fr\/#\/schema\/logo\/image\/\",\"url\":\"https:\/\/lenaiades.fr\/wp-content\/uploads\/2024\/12\/cropped-Le-Naiades-logo-tra.png\",\"contentUrl\":\"https:\/\/lenaiades.fr\/wp-content\/uploads\/2024\/12\/cropped-Le-Naiades-logo-tra.png\",\"width\":500,\"height\":456,\"caption\":\"Le Naiades\"},\"image\":{\"@id\":\"https:\/\/lenaiades.fr\/#\/schema\/logo\/image\/\"},\"sameAs\":[\"https:\/\/www.instagram.com\/lenaiades\/\"]}]}<\/script>\n<!-- \/ Yoast SEO plugin. -->","yoast_head_json":{"title":"Fishing Adventure - Le Naiades","robots":{"index":"index","follow":"follow","max-snippet":"max-snippet:-1","max-image-preview":"max-image-preview:large","max-video-preview":"max-video-preview:-1"},"canonical":"https:\/\/lenaiades.fr\/?page_id=276","og_locale":"en_GB","og_type":"article","og_title":"Fishing Adventure - Le Naiades","og_description":"We have decided to set up small fishing adventures within Allier, from fishing for small fish in the Couleuvre commune lake to the larger lakes and river in the area for experienced or novice to beginners. There is all sorts of types of fishing, ranging from Fly fishing to Carp fishing, two very different ways&hellip; Read more","og_url":"https:\/\/lenaiades.fr\/?page_id=276","og_site_name":"Le Naiades","article_modified_time":"2024-12-23T06:22:10+00:00","twitter_card":"summary_large_image","twitter_misc":{"Estimated reading time":"2 minutes"},"schema":{"@context":"https:\/\/schema.org","@graph":[{"@type":"WebPage","@id":"https:\/\/lenaiades.fr\/?page_id=276","url":"https:\/\/lenaiades.fr\/?page_id=276","name":"Fishing Adventure - Le Naiades","isPartOf":{"@id":"https:\/\/lenaiades.fr\/#website"},"datePublished":"2021-12-27T09:43:08+00:00","dateModified":"2024-12-23T06:22:10+00:00","breadcrumb":{"@id":"https:\/\/lenaiades.fr\/?page_id=276#breadcrumb"},"inLanguage":"en-GB","potentialAction":[{"@type":"ReadAction","target":["https:\/\/lenaiades.fr\/?page_id=276"]}]},{"@type":"BreadcrumbList","@id":"https:\/\/lenaiades.fr\/?page_id=276#breadcrumb","itemListElement":[{"@type":"ListItem","position":1,"name":"Home","item":"https:\/\/lenaiades.fr\/"},{"@type":"ListItem","position":2,"name":"Fishing Adventure"}]},{"@type":"WebSite","@id":"https:\/\/lenaiades.fr\/#website","url":"https:\/\/lenaiades.fr\/","name":"Le Naiades","description":"Naiades Gite Rental in Sancoins Cher France","publisher":{"@id":"https:\/\/lenaiades.fr\/#organization"},"potentialAction":[{"@type":"SearchAction","target":{"@type":"EntryPoint","urlTemplate":"https:\/\/lenaiades.fr\/?s={search_term_string}"},"query-input":{"@type":"PropertyValueSpecification","valueRequired":true,"valueName":"search_term_string"}}],"inLanguage":"en-GB"},{"@type":"Organization","@id":"https:\/\/lenaiades.fr\/#organization","name":"Le Naiades","url":"https:\/\/lenaiades.fr\/","logo":{"@type":"ImageObject","inLanguage":"en-GB","@id":"https:\/\/lenaiades.fr\/#\/schema\/logo\/image\/","url":"https:\/\/lenaiades.fr\/wp-content\/uploads\/2024\/12\/cropped-Le-Naiades-logo-tra.png","contentUrl":"https:\/\/lenaiades.fr\/wp-content\/uploads\/2024\/12\/cropped-Le-Naiades-logo-tra.png","width":500,"height":456,"caption":"Le Naiades"},"image":{"@id":"https:\/\/lenaiades.fr\/#\/schema\/logo\/image\/"},"sameAs":["https:\/\/www.instagram.com\/lenaiades\/"]}]}},"_links":{"self":[{"href":"https:\/\/lenaiades.fr\/index.php?rest_route=\/wp\/v2\/pages\/276","targetHints":{"allow":["GET"]}}],"collection":[{"href":"https:\/\/lenaiades.fr\/index.php?rest_route=\/wp\/v2\/pages"}],"about":[{"href":"https:\/\/lenaiades.fr\/index.php?rest_route=\/wp\/v2\/types\/page"}],"author":[{"embeddable":true,"href":"https:\/\/lenaiades.fr\/index.php?rest_route=\/wp\/v2\/users\/1"}],"replies":[{"embeddable":true,"href":"https:\/\/lenaiades.fr\/index.php?rest_route=%2Fwp%2Fv2%2Fcomments&post=276"}],"version-history":[{"count":12,"href":"https:\/\/lenaiades.fr\/index.php?rest_route=\/wp\/v2\/pages\/276\/revisions"}],"predecessor-version":[{"id":607,"href":"https:\/\/lenaiades.fr\/index.php?rest_route=\/wp\/v2\/pages\/276\/revisions\/607"}],"wp:attachment":[{"href":"https:\/\/lenaiades.fr\/index.php?rest_route=%2Fwp%2Fv2%2Fmedia&parent=276"}],"curies":[{"name":"wp","href":"https:\/\/api.w.org\/{rel}","templated":true}]}}