{"id":459,"date":"2024-07-09T07:37:09","date_gmt":"2024-07-09T07:37:09","guid":{"rendered":"https:\/\/rozieres.net\/?page_id=459"},"modified":"2024-07-11T09:25:36","modified_gmt":"2024-07-11T09:25:36","slug":"allier-2","status":"publish","type":"page","link":"https:\/\/lenaiades.fr\/?page_id=459","title":{"rendered":"Allier 03"},"content":{"rendered":"\n<p>Gite de Rozieres is situated to the north of the department of <a href=\"https:\/\/fr.wikipedia.org\/wiki\/Allier_(d%C3%A9partement)\">Allier<\/a>, being located here not only allows you to discover the incredible <a href=\"https:\/\/www.allier-auvergne-tourisme.com\/nature\/espaces-naturels\/la-foret-de-troncais-222-1.html\">For\u00eat de Tron\u00e7ais<\/a> where Rozieres is located this enables you to visit the departments of <a href=\"https:\/\/en.wikipedia.org\/wiki\/Cher_(department)\">Cher<\/a> with its fantastic <a href=\"https:\/\/www.bourges-cathedrale.fr\/\">Cath\u00e9drale Saint-\u00c9tienne de Bourges<\/a> and to sampling some of the finest wines of France in <a href=\"https:\/\/sancerre-pouilly-giennois.com\/en\/\">Sancerre, Pouilly-Fum\u00e9, C\u00f4teaux du Giennois and Pouilly sur Loire<\/a> in the department of <a href=\"https:\/\/en.wikipedia.org\/wiki\/Ni%C3%A8vre\">Nievre<\/a> both just over an hours drive from Gite de Rozieres.<\/p>\n\n\n\n\n\n\n<p>Allier also has a lot of history going back to the medieval time hidden away in communes like Herisson with its castle and a abundant amount of walks to take in the surrounding area soaking up the amazing senary along the L&#8217;<a href=\"https:\/\/fr.wikipedia.org\/wiki\/Aumance\">Aumance<\/a> river.<\/p>\n\n\n\n\n\n\n<p>of places to visit and activities to experience, Allier is mainly farm land, with farmers raising Charolais du Bourbonnais for consumption throughout France. Allier is part of the <a href=\"https:\/\/fr.wikipedia.org\/wiki\/Auvergne-Rh%C3%B4ne-Alpes\">Auvergne-Rh\u00f4ne-Alpes<\/a> which is situated at the north of  also Allier and its surrounding has an , <\/p>\n","protected":false},"excerpt":{"rendered":"<p>Gite de Rozieres is situated to the north of the department of Allier, being located here not only allows you to discover the incredible For\u00eat de Tron\u00e7ais where Rozieres is located this enables you to visit the departments of Cher with its fantastic Cath\u00e9drale Saint-\u00c9tienne de Bourges and to sampling some of the finest wines&hellip; <br \/> <a class=\"button small blue\" href=\"https:\/\/lenaiades.fr\/?page_id=459\">Read more<\/a><\/p>\n","protected":false},"author":1,"featured_media":0,"parent":0,"menu_order":0,"comment_status":"closed","ping_status":"closed","template":"","meta":{"footnotes":""},"class_list":["post-459","page","type-page","status-publish","hentry"],"yoast_head":"<!-- This site is optimized with the Yoast SEO plugin v25.8 - https:\/\/yoast.com\/wordpress\/plugins\/seo\/ -->\n<title>Allier 03 - Le Naiades<\/title>\n<meta name=\"robots\" content=\"index, follow, max-snippet:-1, max-image-preview:large, max-video-preview:-1\" \/>\n<link rel=\"canonical\" href=\"https:\/\/lenaiades.fr\/?page_id=459\" \/>\n<meta property=\"og:locale\" content=\"en_GB\" \/>\n<meta property=\"og:type\" content=\"article\" \/>\n<meta property=\"og:title\" content=\"Allier 03 - Le Naiades\" \/>\n<meta property=\"og:description\" content=\"Gite de Rozieres is situated to the north of the department of Allier, being located here not only allows you to discover the incredible For\u00eat de Tron\u00e7ais where Rozieres is located this enables you to visit the departments of Cher with its fantastic Cath\u00e9drale Saint-\u00c9tienne de Bourges and to sampling some of the finest wines&hellip; Read more\" \/>\n<meta property=\"og:url\" content=\"https:\/\/lenaiades.fr\/?page_id=459\" \/>\n<meta property=\"og:site_name\" content=\"Le Naiades\" \/>\n<meta property=\"article:modified_time\" content=\"2024-07-11T09:25:36+00:00\" \/>\n<meta name=\"twitter:card\" content=\"summary_large_image\" \/>\n<meta name=\"twitter:label1\" content=\"Estimated reading time\" \/>\n\t<meta name=\"twitter:data1\" content=\"1 minute\" \/>\n<script type=\"application\/ld+json\" class=\"yoast-schema-graph\">{\"@context\":\"https:\/\/schema.org\",\"@graph\":[{\"@type\":\"WebPage\",\"@id\":\"https:\/\/lenaiades.fr\/?page_id=459\",\"url\":\"https:\/\/lenaiades.fr\/?page_id=459\",\"name\":\"Allier 03 - Le Naiades\",\"isPartOf\":{\"@id\":\"https:\/\/lenaiades.fr\/#website\"},\"datePublished\":\"2024-07-09T07:37:09+00:00\",\"dateModified\":\"2024-07-11T09:25:36+00:00\",\"breadcrumb\":{\"@id\":\"https:\/\/lenaiades.fr\/?page_id=459#breadcrumb\"},\"inLanguage\":\"en-GB\",\"potentialAction\":[{\"@type\":\"ReadAction\",\"target\":[\"https:\/\/lenaiades.fr\/?page_id=459\"]}]},{\"@type\":\"BreadcrumbList\",\"@id\":\"https:\/\/lenaiades.fr\/?page_id=459#breadcrumb\",\"itemListElement\":[{\"@type\":\"ListItem\",\"position\":1,\"name\":\"Home\",\"item\":\"https:\/\/lenaiades.fr\/\"},{\"@type\":\"ListItem\",\"position\":2,\"name\":\"Allier 03\"}]},{\"@type\":\"WebSite\",\"@id\":\"https:\/\/lenaiades.fr\/#website\",\"url\":\"https:\/\/lenaiades.fr\/\",\"name\":\"Le Naiades\",\"description\":\"Naiades Gite Rental in Sancoins Cher France\",\"publisher\":{\"@id\":\"https:\/\/lenaiades.fr\/#organization\"},\"potentialAction\":[{\"@type\":\"SearchAction\",\"target\":{\"@type\":\"EntryPoint\",\"urlTemplate\":\"https:\/\/lenaiades.fr\/?s={search_term_string}\"},\"query-input\":{\"@type\":\"PropertyValueSpecification\",\"valueRequired\":true,\"valueName\":\"search_term_string\"}}],\"inLanguage\":\"en-GB\"},{\"@type\":\"Organization\",\"@id\":\"https:\/\/lenaiades.fr\/#organization\",\"name\":\"Le Naiades\",\"url\":\"https:\/\/lenaiades.fr\/\",\"logo\":{\"@type\":\"ImageObject\",\"inLanguage\":\"en-GB\",\"@id\":\"https:\/\/lenaiades.fr\/#\/schema\/logo\/image\/\",\"url\":\"https:\/\/lenaiades.fr\/wp-content\/uploads\/2024\/12\/cropped-Le-Naiades-logo-tra.png\",\"contentUrl\":\"https:\/\/lenaiades.fr\/wp-content\/uploads\/2024\/12\/cropped-Le-Naiades-logo-tra.png\",\"width\":500,\"height\":456,\"caption\":\"Le Naiades\"},\"image\":{\"@id\":\"https:\/\/lenaiades.fr\/#\/schema\/logo\/image\/\"},\"sameAs\":[\"https:\/\/www.instagram.com\/lenaiades\/\"]}]}<\/script>\n<!-- \/ Yoast SEO plugin. -->","yoast_head_json":{"title":"Allier 03 - Le Naiades","robots":{"index":"index","follow":"follow","max-snippet":"max-snippet:-1","max-image-preview":"max-image-preview:large","max-video-preview":"max-video-preview:-1"},"canonical":"https:\/\/lenaiades.fr\/?page_id=459","og_locale":"en_GB","og_type":"article","og_title":"Allier 03 - Le Naiades","og_description":"Gite de Rozieres is situated to the north of the department of Allier, being located here not only allows you to discover the incredible For\u00eat de Tron\u00e7ais where Rozieres is located this enables you to visit the departments of Cher with its fantastic Cath\u00e9drale Saint-\u00c9tienne de Bourges and to sampling some of the finest wines&hellip; Read more","og_url":"https:\/\/lenaiades.fr\/?page_id=459","og_site_name":"Le Naiades","article_modified_time":"2024-07-11T09:25:36+00:00","twitter_card":"summary_large_image","twitter_misc":{"Estimated reading time":"1 minute"},"schema":{"@context":"https:\/\/schema.org","@graph":[{"@type":"WebPage","@id":"https:\/\/lenaiades.fr\/?page_id=459","url":"https:\/\/lenaiades.fr\/?page_id=459","name":"Allier 03 - Le Naiades","isPartOf":{"@id":"https:\/\/lenaiades.fr\/#website"},"datePublished":"2024-07-09T07:37:09+00:00","dateModified":"2024-07-11T09:25:36+00:00","breadcrumb":{"@id":"https:\/\/lenaiades.fr\/?page_id=459#breadcrumb"},"inLanguage":"en-GB","potentialAction":[{"@type":"ReadAction","target":["https:\/\/lenaiades.fr\/?page_id=459"]}]},{"@type":"BreadcrumbList","@id":"https:\/\/lenaiades.fr\/?page_id=459#breadcrumb","itemListElement":[{"@type":"ListItem","position":1,"name":"Home","item":"https:\/\/lenaiades.fr\/"},{"@type":"ListItem","position":2,"name":"Allier 03"}]},{"@type":"WebSite","@id":"https:\/\/lenaiades.fr\/#website","url":"https:\/\/lenaiades.fr\/","name":"Le Naiades","description":"Naiades Gite Rental in Sancoins Cher France","publisher":{"@id":"https:\/\/lenaiades.fr\/#organization"},"potentialAction":[{"@type":"SearchAction","target":{"@type":"EntryPoint","urlTemplate":"https:\/\/lenaiades.fr\/?s={search_term_string}"},"query-input":{"@type":"PropertyValueSpecification","valueRequired":true,"valueName":"search_term_string"}}],"inLanguage":"en-GB"},{"@type":"Organization","@id":"https:\/\/lenaiades.fr\/#organization","name":"Le Naiades","url":"https:\/\/lenaiades.fr\/","logo":{"@type":"ImageObject","inLanguage":"en-GB","@id":"https:\/\/lenaiades.fr\/#\/schema\/logo\/image\/","url":"https:\/\/lenaiades.fr\/wp-content\/uploads\/2024\/12\/cropped-Le-Naiades-logo-tra.png","contentUrl":"https:\/\/lenaiades.fr\/wp-content\/uploads\/2024\/12\/cropped-Le-Naiades-logo-tra.png","width":500,"height":456,"caption":"Le Naiades"},"image":{"@id":"https:\/\/lenaiades.fr\/#\/schema\/logo\/image\/"},"sameAs":["https:\/\/www.instagram.com\/lenaiades\/"]}]}},"_links":{"self":[{"href":"https:\/\/lenaiades.fr\/index.php?rest_route=\/wp\/v2\/pages\/459","targetHints":{"allow":["GET"]}}],"collection":[{"href":"https:\/\/lenaiades.fr\/index.php?rest_route=\/wp\/v2\/pages"}],"about":[{"href":"https:\/\/lenaiades.fr\/index.php?rest_route=\/wp\/v2\/types\/page"}],"author":[{"embeddable":true,"href":"https:\/\/lenaiades.fr\/index.php?rest_route=\/wp\/v2\/users\/1"}],"replies":[{"embeddable":true,"href":"https:\/\/lenaiades.fr\/index.php?rest_route=%2Fwp%2Fv2%2Fcomments&post=459"}],"version-history":[{"count":9,"href":"https:\/\/lenaiades.fr\/index.php?rest_route=\/wp\/v2\/pages\/459\/revisions"}],"predecessor-version":[{"id":495,"href":"https:\/\/lenaiades.fr\/index.php?rest_route=\/wp\/v2\/pages\/459\/revisions\/495"}],"wp:attachment":[{"href":"https:\/\/lenaiades.fr\/index.php?rest_route=%2Fwp%2Fv2%2Fmedia&parent=459"}],"curies":[{"name":"wp","href":"https:\/\/api.w.org\/{rel}","templated":true}]}}